{"id":7,"date":"2017-11-11T23:15:42","date_gmt":"2017-11-11T22:15:42","guid":{"rendered":"http:\/\/b2cie.fr\/?page_id=7"},"modified":"2020-01-20T10:34:56","modified_gmt":"2020-01-20T09:34:56","slug":"accueil","status":"publish","type":"page","link":"http:\/\/b2cie.fr\/","title":{"rendered":"Accueil"},"content":{"rendered":"<p>TBL: \u00e7a c&rsquo;\u00e9tait avant<\/p>\n<p>et puis ils sont arriv\u00e9s<\/p>\n","protected":false},"excerpt":{"rendered":"<p>TBL: \u00e7a c&rsquo;\u00e9tait avant et puis ils sont arriv\u00e9s<\/p>\n","protected":false},"author":1,"featured_media":60,"parent":0,"menu_order":1,"comment_status":"closed","ping_status":"closed","template":"","meta":[],"_links":{"self":[{"href":"http:\/\/b2cie.fr\/index.php\/wp-json\/wp\/v2\/pages\/7"}],"collection":[{"href":"http:\/\/b2cie.fr\/index.php\/wp-json\/wp\/v2\/pages"}],"about":[{"href":"http:\/\/b2cie.fr\/index.php\/wp-json\/wp\/v2\/types\/page"}],"author":[{"embeddable":true,"href":"http:\/\/b2cie.fr\/index.php\/wp-json\/wp\/v2\/users\/1"}],"replies":[{"embeddable":true,"href":"http:\/\/b2cie.fr\/index.php\/wp-json\/wp\/v2\/comments?post=7"}],"version-history":[{"count":6,"href":"http:\/\/b2cie.fr\/index.php\/wp-json\/wp\/v2\/pages\/7\/revisions"}],"predecessor-version":[{"id":124,"href":"http:\/\/b2cie.fr\/index.php\/wp-json\/wp\/v2\/pages\/7\/revisions\/124"}],"wp:featuredmedia":[{"embeddable":true,"href":"http:\/\/b2cie.fr\/index.php\/wp-json\/wp\/v2\/media\/60"}],"wp:attachment":[{"href":"http:\/\/b2cie.fr\/index.php\/wp-json\/wp\/v2\/media?parent=7"}],"curies":[{"name":"wp","href":"https:\/\/api.w.org\/{rel}","templated":true}]}}