{"id":9,"date":"2017-07-20T19:35:12","date_gmt":"2017-07-20T17:35:12","guid":{"rendered":"http:\/\/b2cie.fr\/?page_id=9"},"modified":"2020-01-20T10:34:56","modified_gmt":"2020-01-20T09:34:56","slug":"contact","status":"publish","type":"page","link":"http:\/\/b2cie.fr\/index.php\/contact\/","title":{"rendered":"Contact"},"content":{"rendered":"<p>&nbsp;<\/p>\n<p>Si je ne r\u00e9pond pas au t\u00e9l\u00e9phone,<\/p>\n<p>c&rsquo;est que je suis avec mon pote<em><strong><span style=\"color: #ff0000;\"> Ludo<\/span><\/strong><\/em><\/p>\n","protected":false},"excerpt":{"rendered":"<p>&nbsp; Si je ne r\u00e9pond pas au t\u00e9l\u00e9phone, c&rsquo;est que je suis avec mon pote Ludo<\/p>\n","protected":false},"author":1,"featured_media":0,"parent":0,"menu_order":4,"comment_status":"closed","ping_status":"closed","template":"","meta":[],"_links":{"self":[{"href":"http:\/\/b2cie.fr\/index.php\/wp-json\/wp\/v2\/pages\/9"}],"collection":[{"href":"http:\/\/b2cie.fr\/index.php\/wp-json\/wp\/v2\/pages"}],"about":[{"href":"http:\/\/b2cie.fr\/index.php\/wp-json\/wp\/v2\/types\/page"}],"author":[{"embeddable":true,"href":"http:\/\/b2cie.fr\/index.php\/wp-json\/wp\/v2\/users\/1"}],"replies":[{"embeddable":true,"href":"http:\/\/b2cie.fr\/index.php\/wp-json\/wp\/v2\/comments?post=9"}],"version-history":[{"count":9,"href":"http:\/\/b2cie.fr\/index.php\/wp-json\/wp\/v2\/pages\/9\/revisions"}],"predecessor-version":[{"id":122,"href":"http:\/\/b2cie.fr\/index.php\/wp-json\/wp\/v2\/pages\/9\/revisions\/122"}],"wp:attachment":[{"href":"http:\/\/b2cie.fr\/index.php\/wp-json\/wp\/v2\/media?parent=9"}],"curies":[{"name":"wp","href":"https:\/\/api.w.org\/{rel}","templated":true}]}}